{"id":436,"date":"2016-10-20T13:03:18","date_gmt":"2016-10-20T11:03:18","guid":{"rendered":"http:\/\/hburmeister-stralsund.de\/wordpress\/?page_id=436"},"modified":"2023-12-13T11:33:27","modified_gmt":"2023-12-13T10:33:27","slug":"impressum","status":"publish","type":"page","link":"https:\/\/hburmeister-stralsund.de\/wordpress\/impressum\/","title":{"rendered":"Impressum"},"content":{"rendered":"<table>\n<tbody>\n<tr>\n<td width=\"204\"><b><strong>Impressum:<\/strong><\/b><\/td>\n<td width=\"408\">Regionale Schule \u201eHermann Burmeister\u201c<\/td>\n<\/tr>\n<tr>\n<td width=\"204\"><b><strong>Schulleitung:<\/strong><\/b><\/td>\n<td width=\"408\">Andreas G\u00f6tze, SchulleiterBirgit Koch, stellvertretende Schulleiterin<\/p>\n<p>Jaromarstra\u00dfe 10<\/p>\n<p>18437 Stralsund<\/p>\n<p>Telefon: (03831) 252983<\/p>\n<p>E-Mail:\u00a0<a>burmeister-schule@stralsund.de<\/a><\/td>\n<\/tr>\n<tr>\n<td><b><strong>Sekretariat<\/strong><\/b><\/td>\n<td>Telefon: (03831) 252981E-Mail: <a>burmeister-schule@stralsund.de<\/a><\/td>\n<\/tr>\n<tr>\n<td width=\"204\"><b><strong>Schultr\u00e4ger<br \/>\n(Diensteanbieter im Sinne desRStV\/TMG):<\/strong><\/b><\/td>\n<td width=\"408\">Hansestadt Stralsund<em><br \/>\n<\/em>Amt f\u00fcr Kultur, Schule und Sport Abteilung Schule, Sport und ZGM Hafenstra\u00dfe 2018439 Stralsund<\/p>\n<p>Telefon: (03831) 252 761<br \/>\nTelefax: (03831) 252 52 761<br \/>\nE-Mail: <a href=\"mailto:schulverwaltung@stralsund.de\">schulverwaltung@stralsund.de<\/a><\/td>\n<\/tr>\n<tr>\n<td width=\"204\"><b><strong>Verantwortlicher f\u00fcr die Artikel im Sinne des \u00a7 55 Abs. 2 RStV:<\/strong><\/b><\/td>\n<td width=\"408\">Andreas G\u00f6tzeJaromarstra\u00dfe 10<\/p>\n<p>18437 Stralsund<\/td>\n<\/tr>\n<\/tbody>\n<\/table>\n<p><strong>Rechtliche Hinweise<\/strong><\/p>\n<p>1. Inhalt des Onlineangebotes<\/p>\n<p>Der Autor \u00fcbernimmt keinerlei Gew\u00e4hr f\u00fcr die Aktualit\u00e4t, Korrektheit, Vollst\u00e4ndigkeit oder Qualit\u00e4t der bereitgestellten Informationen. Haftungsanspr\u00fcche gegen den Autor, welche sich auf Sch\u00e4den materieller oder ideeller Art beziehen, die durch die Nutzung oder Nichtnutzung der dargebotenen Informationen bzw. durch die Nutzung fehlerhafter und unvollst\u00e4ndiger Informationen verursacht wurden, sind grunds\u00e4tzlich ausgeschlossen, sofern seitens des Autors kein nachweislich vors\u00e4tzliches oder grob fahrl\u00e4ssiges Verschulden vorliegt. Alle Angebote sind freibleibend und unverbindlich. Der Autor beh\u00e4lt es sich ausdr\u00fccklich vor, Teile der Seiten oder das gesamte Angebot ohne gesonderte Ank\u00fcndigung zu ver\u00e4ndern, zu erg\u00e4nzen, zu l\u00f6schen oder die Ver\u00f6ffentlichung zeitweise oder endg\u00fcltig einzustellen.<\/p>\n<p>2. Verweise und Links<\/p>\n<p>Trotz sorgf\u00e4ltiger Kontrolle \u00fcbernimmt der Autor keine Haftung f\u00fcr die Inhalte externer Links. Der Autor erkl\u00e4rt ausdr\u00fccklich, dass zum Zeitpunkt der Linksetzung die entsprechenden verlinkten Seiten frei von illegalen Inhalten waren. Diese Feststellung gilt f\u00fcr alle innerhalb des eigenen Internetangebotes gesetzten Links und Verweise sowie f\u00fcr Fremdeintr\u00e4ge in vom Autor eingerichteten G\u00e4steb\u00fcchern, Diskussionsforen und Mailinglisten. F\u00fcr illegale, fehlerhafte oder unvollst\u00e4ndige Inhalte und insbesondere f\u00fcr Sch\u00e4den, die aus der Nutzung oder Nichtnutzung solcherart dargebotener Informationen entstehen, haftet ausschlie\u00dflich der Anbieter der Seite, auf welche verwiesen wurde, nicht derjenige, der \u00fcber Links auf die jeweilige Ver\u00f6ffentlichung lediglich verweist.<\/p>\n<p>3. Urheber- und Kennzeichenrecht<\/p>\n<p>Der Autor ist bestrebt, in allen Publikationen die Urheberrechte der verwendeten Bilder, Grafiken, Tondokumente, Videosequenzen und Texte zu beachten, von ihm selbst erstellte Bilder, Grafiken, Tondokumente, Videosequenzen und Texte zu nutzen oder auf lizenzfreie Grafiken, Tondokumente, Videosequenzen und Texte zur\u00fcckzugreifen. Alle innerhalb des Internetangebotes genannten und ggf. durch Dritte gesch\u00fctzten Marken- und Warenzeichen unterliegen uneingeschr\u00e4nkt den Bestimmungen des jeweils g\u00fcltigen Kennzeichenrechts und den Besitzrechten der jeweiligen eingetragenen Eigent\u00fcmer. Allein aufgrund der blo\u00dfen Nennung ist nicht der Schluss zu ziehen, dass Markenzeichen nicht durch Rechte Dritter gesch\u00fctzt sind! Das Copyright f\u00fcr ver\u00f6ffentlichte, vom Autor selbst erstellte Objekte bleibt allein beim Autor der Seiten. Eine Vervielf\u00e4ltigung oder Verwendung solcher Grafiken, Tondokumente, Videosequenzen und Texte in anderen elektronischen oder gedruckten Publikationen ist ohne ausdr\u00fcckliche Zustimmung des Autors nicht gestattet.<\/p>\n<p>4. Datenschutz<\/p>\n<p>Sofern innerhalb des Internetangebotes die M\u00f6glichkeit zur Eingabe pers\u00f6nlicher oder gesch\u00e4ftlicher Daten (Emailadressen, Namen, Anschriften) besteht, so erfolgt die Preisgabe dieser Daten seitens des Nutzers auf ausdr\u00fccklich freiwilliger Basis. Die Inanspruchnahme und Bezahlung aller angebotenen Dienste ist &#8211; soweit technisch m\u00f6glich und zumutbar &#8211; auch ohne Angabe solcher Daten bzw. unter Angabe anonymisierter Daten oder eines Pseudonyms gestattet. Die Nutzung der im Rahmen des Impressums oder vergleichbarer Angaben ver\u00f6ffentlichten Kontaktdaten wie Postanschriften, Telefon- und Faxnummern sowie Emailadressen durch Dritte zur \u00dcbersendung von nicht ausdr\u00fccklich angeforderten Informationen ist nicht gestattet. Rechtliche Schritte gegen die Versender von sogenannten Spam-Mails bei Verst\u00f6\u00dfen gegen dieses Verbot sind ausdr\u00fccklich vorbehalten.<\/p>\n<p>Mehr dazu lesen Sie unter dem Men\u00fcpunkt <a href=\"http:\/\/hburmeister-stralsund.de\/wordpress\/datenschutz\/\">Datenschutz<\/a><\/p>\n<p>5. Angebot von Daten zum Download<\/p>\n<p>Das Urheberrecht der angebotenen, eigens erstellen Daten (insbesondere Dokumente) liegt beim jeweiligen Verfasser\/Autoren.<\/p>\n<p>6. Speicherung von Zugriffsdaten<\/p>\n<p>Bei jeder Anforderung einer Seite aus dem Angebot werden folgende Daten gespeichert: IP-Adresse des Rechners, von dem die Seite angefordert wird, die Seite, von der aus die Datei angefordert wurde, Name der Datei, Datum und Uhrzeit der Anforderung, \u00fcbertragene Datenmenge, Zugriffsstatus (Datei \u00fcbertragen, Datei nicht gefunden etc.), einer Beschreibung des Typs des verwendeten Webbrowsers. Die gespeicherten Daten werden ausschlie\u00dflich zu statistischen Zwecken ausgewertet, eine Weitergabe an Dritte findet nicht statt. Nutzerprofile werden nicht erstellt.<\/p>\n<p>7. Rechtswirksamkeit dieses Haftungsausschlusses<\/p>\n<p>Dieser Haftungsausschluss ist als Teil des Internetangebotes zu betrachten, von dem aus auf diese Seite verwiesen wurde. Sofern Teile oder einzelne Formulierungen dieses Textes der geltenden Rechtslage nicht, nicht mehr oder nicht vollst\u00e4ndig entsprechen sollten, bleiben die \u00fcbrigen Teile des Dokumentes in ihrem Inhalt und ihrer G\u00fcltigkeit davon unber\u00fchrt.<\/p>\n<div id=\"c1061569\" class=\"csc-default\"><\/div>\n<div><\/div>\n<div id=\"c1061570\" class=\"csc-default\">\n<div class=\"csc-content\"><\/div>\n<\/div>\n<div id=\"c1061571\" class=\"csc-default\"><\/div>\n","protected":false},"excerpt":{"rendered":"<p>Impressum: Regionale Schule \u201eHermann Burmeister\u201c Schulleitung: Andreas G\u00f6tze, SchulleiterBirgit Koch, stellvertretende Schulleiterin Jaromarstra\u00dfe 10 18437 Stralsund Telefon: (03831) 252983 E-Mail:\u00a0burmeister-schule@stralsund.de Sekretariat Telefon: (03831) 252981E-Mail: burmeister-schule@stralsund.de Schultr\u00e4ger (Diensteanbieter im Sinne desRStV\/TMG): Hansestadt Stralsund Amt f\u00fcr Kultur, Schule und Sport Abteilung Schule, Sport und ZGM Hafenstra\u00dfe 2018439 Stralsund Telefon: (03831) 252 761 Telefax: (03831) 252 52 761 [&hellip;]<\/p>\n","protected":false},"author":1,"featured_media":0,"parent":0,"menu_order":0,"comment_status":"closed","ping_status":"closed","template":"","meta":{"footnotes":""},"class_list":["post-436","page","type-page","status-publish","hentry"],"_links":{"self":[{"href":"https:\/\/hburmeister-stralsund.de\/wordpress\/wp-json\/wp\/v2\/pages\/436","targetHints":{"allow":["GET"]}}],"collection":[{"href":"https:\/\/hburmeister-stralsund.de\/wordpress\/wp-json\/wp\/v2\/pages"}],"about":[{"href":"https:\/\/hburmeister-stralsund.de\/wordpress\/wp-json\/wp\/v2\/types\/page"}],"author":[{"embeddable":true,"href":"https:\/\/hburmeister-stralsund.de\/wordpress\/wp-json\/wp\/v2\/users\/1"}],"replies":[{"embeddable":true,"href":"https:\/\/hburmeister-stralsund.de\/wordpress\/wp-json\/wp\/v2\/comments?post=436"}],"version-history":[{"count":33,"href":"https:\/\/hburmeister-stralsund.de\/wordpress\/wp-json\/wp\/v2\/pages\/436\/revisions"}],"predecessor-version":[{"id":7042,"href":"https:\/\/hburmeister-stralsund.de\/wordpress\/wp-json\/wp\/v2\/pages\/436\/revisions\/7042"}],"wp:attachment":[{"href":"https:\/\/hburmeister-stralsund.de\/wordpress\/wp-json\/wp\/v2\/media?parent=436"}],"curies":[{"name":"wp","href":"https:\/\/api.w.org\/{rel}","templated":true}]}}