{"id":57,"date":"2016-04-18T17:18:10","date_gmt":"2016-04-18T15:18:10","guid":{"rendered":"http:\/\/hburmeister-stralsund.de\/wordpress\/?page_id=57"},"modified":"2026-03-03T11:02:10","modified_gmt":"2026-03-03T10:02:10","slug":"news","status":"publish","type":"page","link":"http:\/\/hburmeister-stralsund.de\/wordpress\/news\/","title":{"rendered":"News"},"content":{"rendered":"\n<p><a href=\"http:\/\/hburmeister-stralsund.de\/wordpress\/wp-admin\/post.php?post=261&amp;action=edit\">Seite bearbeiten<\/a><\/p>\n\n\n<p>Liebe Eltern,<\/p>\n<p><em>Da die Nachfrage zu unserer Lernform, <strong>Produktives Lernen<\/strong>, immer noch sehr gro\u00df ist, bieten wir wie in allen Jahren zuvor auch, wieder einen <strong>Tag der offenen T\u00fcr<\/strong> an. Dieser dient als Informationsveranstaltung, um\u00a0 alle Interessierten, besonders nat\u00fcrlich potentielle, zuk\u00fcnftige Sch\u00fcler \u00fcber \u00c4nderungen zum kommenden Schuljahr zu informieren, denn aus dem Produktiven Lernen wird die Praxisorientierte Berufsreife.<\/em><strong><em>\u00a0<\/em><\/strong><\/p>\n<p><strong><em>Termin: Mo, 9. M\u00e4rz 2026, 15 \u2013 18 Uhr<\/em><\/strong><\/p>\n<p><strong><em>Ort: Kronhalsgraben 7 (ehemaliges Technikzentrum), 18437 Stralsund<\/em><\/strong><em>\u00a0<\/em><\/p>\n<p><em>Es bedarf keiner Anmeldung; Sch\u00fcler, Eltern, Betreuer \u2026 sind herzlich eingeladen. <\/em><\/p>\n<p>Mit freundlichem Gru\u00df<\/p>\n<p>PL-Team, Teamleiterin K. Degl<\/p>\n<p>\u00a0<\/p>\n<p><em>Liebe Eltern,<\/em><\/p>\n<p>Laut Wettervorhersage kann es in Mecklenburg-Vorpommern in dieser Woche zu kr\u00e4ftigem Neuschnee, Gl\u00e4tte und Sturm kommen. Das Bildungsministerium weist f\u00fcr die\u00a0<strong>gesamte Winterzeit<\/strong>\u00a0auf die bestehenden Regelungen f\u00fcr die Schulen hin:<\/p>\n<ul>\n<li>Die Schulen sind grunds\u00e4tzlich ge\u00f6ffnet. Der Unterricht f\u00fcr alle Jahrgangsstufen findet statt. Die Organisation \u00fcbernehmen die Schulleitungen.<\/li>\n<li>Sollten Sch\u00fclerinnen und Sch\u00fcler Schwierigkeiten haben, zur Schule zu kommen, melden ihre Erziehungsberechtigten sie telefonisch oder per E-Mail ab. Vollj\u00e4hrige Sch\u00fclerinnen und Sch\u00fcler melden sich selbst ab. Sie sind damit entschuldigt.<\/li>\n<li>Weitere Informationen k\u00f6nnen bei den Schulen oder bei den Landkreisen bzw. den kreisfreien St\u00e4dten eingeholt werden.\u00a0<\/li>\n<li>Dar\u00fcber hinaus informieren die Landkreise und kreisfreien St\u00e4dte \u00fcber Einschr\u00e4nkungen im Sch\u00fclerverkehr.<\/li>\n<\/ul>\n<p><strong><em>Liebe Eltern,<\/em><\/strong><\/p>\n<p>aktuell warnt die Polizei vor F\u00e4llen, bei denen massiver psychischer Druck auf Kinder und Jugendliche in Onlineplattformen ausge\u00fcbt wird&#8230; (siehe <a href=\"http:\/\/hburmeister-stralsund.de\/wordpress\/wp-content\/uploads\/2026\/01\/ZDS.pdf\">psychischer Druck<\/a>)<\/p>\n<p>Mit freundlichen Gr\u00fc\u00dfen<\/p>\n<p>Andreas G\u00f6tze<\/p>\n<p style=\"text-align: right;\">Stralsund, 08.01.2026<\/p>\n<p><em><strong>Zur Erweiterung unseres Lehrerteams suchen wir engagierte Referendare!<\/strong><\/em><\/p>\n<p>Melden Sie sich gerne unter<\/p>\n<p style=\"text-align: left;\">Regionale Schule \u201eHermann Burmeister\u201c<br \/>Jaromarstra\u00dfe 10<br \/>18437 Stralsund<\/p>\n<p>oder per Mail: <span style=\"color: #3366ff;\">burmeister-schule@stralsund.de<\/span><\/p>\n<p>Wir freuen uns auf Sie!<\/p>\n<p>Mit freundlichen Gr\u00fc\u00dfen<\/p>\n<p>Andreas G\u00f6tze<\/p>\n<h5><span style=\"color: #00ccff;\"><em><strong>Wir sind Botschafterschule!<\/strong><\/em><\/span><\/h5>\n<p><a href=\"http:\/\/hburmeister-stralsund.de\/wordpress\/wp-content\/uploads\/2022\/04\/BO-Schule-scaled.jpg\"><img loading=\"lazy\" decoding=\"async\" class=\"size-medium wp-image-6232 alignright\" src=\"http:\/\/hburmeister-stralsund.de\/wordpress\/wp-content\/uploads\/2022\/04\/BO-Schule-206x300.jpg\" alt=\"\" width=\"206\" height=\"300\" srcset=\"http:\/\/hburmeister-stralsund.de\/wordpress\/wp-content\/uploads\/2022\/04\/BO-Schule-206x300.jpg 206w, http:\/\/hburmeister-stralsund.de\/wordpress\/wp-content\/uploads\/2022\/04\/BO-Schule-702x1024.jpg 702w, http:\/\/hburmeister-stralsund.de\/wordpress\/wp-content\/uploads\/2022\/04\/BO-Schule-768x1120.jpg 768w, http:\/\/hburmeister-stralsund.de\/wordpress\/wp-content\/uploads\/2022\/04\/BO-Schule-1054x1536.jpg 1054w, http:\/\/hburmeister-stralsund.de\/wordpress\/wp-content\/uploads\/2022\/04\/BO-Schule-1405x2048.jpg 1405w, http:\/\/hburmeister-stralsund.de\/wordpress\/wp-content\/uploads\/2022\/04\/BO-Schule-1240x1808.jpg 1240w, http:\/\/hburmeister-stralsund.de\/wordpress\/wp-content\/uploads\/2022\/04\/BO-Schule-508x741.jpg 508w, http:\/\/hburmeister-stralsund.de\/wordpress\/wp-content\/uploads\/2022\/04\/BO-Schule-scaled.jpg 1756w\" sizes=\"auto, (max-width: 206px) 100vw, 206px\" \/><\/a><\/p>\n<p>Auf dem Netzwerktag des Bundesnetzwerks des Berufswahlsiegels wurden wir am 28. September 2021 als Botschafterschule ausgezeichnet. Bei diesem j\u00e4hrlichen Netzwerktag vernetzen sich Schulen aus allen SIEGEL-Regionen und in jedem Jahr werden zwei Schulen pro Bundesland f\u00fcr ihre herausragende Berufsorientierung geehrt. Wir sind stolz darauf, dass wir in diesem Schuljahr den Titel ergattern konnten!<\/p>\n<p style=\"text-align: right;\"><a href=\"http:\/\/hburmeister-stralsund.de\/wordpress\/das-berufswahl-siegel-mv\/\"><em><strong>mehr dazu&#8230;<\/strong><\/em><\/a><\/p>\n\n\n\n\n\n","protected":false},"excerpt":{"rendered":"<p>Seite bearbeiten Liebe Eltern, Da die Nachfrage zu unserer Lernform, Produktives Lernen, immer noch sehr gro\u00df ist, bieten wir wie in allen Jahren zuvor auch, wieder einen Tag der offenen T\u00fcr an. Dieser dient als Informationsveranstaltung, um\u00a0 alle Interessierten, besonders nat\u00fcrlich potentielle, zuk\u00fcnftige Sch\u00fcler \u00fcber \u00c4nderungen zum kommenden Schuljahr zu informieren, denn aus dem Produktiven [&hellip;]<\/p>\n","protected":false},"author":1,"featured_media":0,"parent":0,"menu_order":0,"comment_status":"closed","ping_status":"closed","template":"","meta":{"footnotes":""},"class_list":["post-57","page","type-page","status-publish","hentry"],"_links":{"self":[{"href":"http:\/\/hburmeister-stralsund.de\/wordpress\/wp-json\/wp\/v2\/pages\/57","targetHints":{"allow":["GET"]}}],"collection":[{"href":"http:\/\/hburmeister-stralsund.de\/wordpress\/wp-json\/wp\/v2\/pages"}],"about":[{"href":"http:\/\/hburmeister-stralsund.de\/wordpress\/wp-json\/wp\/v2\/types\/page"}],"author":[{"embeddable":true,"href":"http:\/\/hburmeister-stralsund.de\/wordpress\/wp-json\/wp\/v2\/users\/1"}],"replies":[{"embeddable":true,"href":"http:\/\/hburmeister-stralsund.de\/wordpress\/wp-json\/wp\/v2\/comments?post=57"}],"version-history":[{"count":286,"href":"http:\/\/hburmeister-stralsund.de\/wordpress\/wp-json\/wp\/v2\/pages\/57\/revisions"}],"predecessor-version":[{"id":7185,"href":"http:\/\/hburmeister-stralsund.de\/wordpress\/wp-json\/wp\/v2\/pages\/57\/revisions\/7185"}],"wp:attachment":[{"href":"http:\/\/hburmeister-stralsund.de\/wordpress\/wp-json\/wp\/v2\/media?parent=57"}],"curies":[{"name":"wp","href":"https:\/\/api.w.org\/{rel}","templated":true}]}}