{"id":470,"date":"2016-10-20T13:28:09","date_gmt":"2016-10-20T11:28:09","guid":{"rendered":"http:\/\/hburmeister-stralsund.de\/wordpress\/?page_id=470"},"modified":"2024-02-07T08:01:45","modified_gmt":"2024-02-07T07:01:45","slug":"sozialarbeit","status":"publish","type":"page","link":"http:\/\/hburmeister-stralsund.de\/wordpress\/sozialarbeit\/","title":{"rendered":"Schulsozialarbeit"},"content":{"rendered":"\n<p>\u00a0 \u00a0 \u00a0 \u00a0 \u00a0 \u00a0\u00a0<\/p>\n<p><a href=\"http:\/\/hburmeister-stralsund.de\/wordpress\/wp-content\/uploads\/2024\/02\/Lebensraeume.png\"><img loading=\"lazy\" decoding=\"async\" class=\"alignleft wp-image-7061\" src=\"http:\/\/hburmeister-stralsund.de\/wordpress\/wp-content\/uploads\/2024\/02\/Lebensraeume-300x73.png\" alt=\"\" width=\"330\" height=\"80\" srcset=\"http:\/\/hburmeister-stralsund.de\/wordpress\/wp-content\/uploads\/2024\/02\/Lebensraeume-300x73.png 300w, http:\/\/hburmeister-stralsund.de\/wordpress\/wp-content\/uploads\/2024\/02\/Lebensraeume-508x123.png 508w, http:\/\/hburmeister-stralsund.de\/wordpress\/wp-content\/uploads\/2024\/02\/Lebensraeume.png 519w\" sizes=\"auto, (max-width: 330px) 100vw, 330px\" \/><\/a> \u00a0<a href=\"http:\/\/hburmeister-stralsund.de\/wordpress\/wp-content\/uploads\/2024\/02\/Eu.jpg\"><img loading=\"lazy\" decoding=\"async\" class=\"alignright wp-image-7060\" src=\"http:\/\/hburmeister-stralsund.de\/wordpress\/wp-content\/uploads\/2024\/02\/Eu-300x63.jpg\" alt=\"\" width=\"383\" height=\"80\" srcset=\"http:\/\/hburmeister-stralsund.de\/wordpress\/wp-content\/uploads\/2024\/02\/Eu-300x63.jpg 300w, http:\/\/hburmeister-stralsund.de\/wordpress\/wp-content\/uploads\/2024\/02\/Eu-508x106.jpg 508w, http:\/\/hburmeister-stralsund.de\/wordpress\/wp-content\/uploads\/2024\/02\/Eu.jpg 546w\" sizes=\"auto, (max-width: 383px) 100vw, 383px\" \/><\/a><\/p>\n<p>\u00a0<\/p>\n<p>\u00a0<\/p>\n<p><strong>Schulsozialarbeit an der Regionalen Schule \u201eHermann Burmeister\u201c<\/strong><\/p>\n<p>Die Schulsozialarbeit an der Regionalen Schule \u201eHermann Burmeister\u201c wird seit September 2016 durch den Tr\u00e4ger LebensR\u00e4ume e.V. mit dem Sitz in 18510 Zarrendorf gew\u00e4hrleistet und \u00fcber den Landkreis Vorpommern-R\u00fcgen, der Stadt Stralsund sowie aus dem Europ\u00e4ischen Sozialfond finanziert.<\/p>\n<p>Das Angebot der Schulsozialarbeit umfasst die Beratung und Unterst\u00fctzung von Sch\u00fclerInnen, LehrerInnen und Eltern. Hierbei geht es im Wesentlichen um allgemeine Themen wie das Klassenklima, soziale Kompetenzen, schulische Leistungen, Praktika, allt\u00e4gliche Interessen, jedoch auch um pers\u00f6nliche Probleme Einzelner wie beispielsweise Mobbing, Essst\u00f6rungen, famili\u00e4ren Geschehnissen oder Lernschwierigkeiten. Elternabende zu speziellen jugendbezogenen Themen k\u00f6nnen genutzt werden.<\/p>\n<p>In Einzelf\u00e4llen \u00fcbernimmt der Schulsozialarbeiter Kontakt zur Schulpsychologin oder zu externen Partnern u.a. Amt f\u00fcr Jugend und Soziales, sozialtherapeutischen Praxis oder anderen Hilfenetzwerken auf.<\/p>\n<p>Eine intensive Zusammenarbeit mit KlassensprecherInnen sowie dem Sch\u00fclerrat ist eine wichtige Aufgabe der Schulsozialarbeit. Sie unterst\u00fctzt zudem Sch\u00fclerInnen bei der Mitwirkung in Gremien, u.a. im Kinder- und Jugendparlament Stralsund.<\/p>\n<p>Im Rahmen von Gruppenangeboten wird sowohl pr\u00e4ventiv, beratend und Sozialkompetenz f\u00f6rdernd gearbeitet. Wichter Bestandteil ist hierbei die Berufs-(fr\u00fch)orientierung, wobei es hier nicht nur um die Wahl des \u201erichtigen\u201c Praktikums- oder Ausbildungsplatz geht, sondern auch um den Erwerb sowie St\u00e4rkung von sozialen F\u00e4higkeiten und die eigene Wahrnehmung. So werden hierzu im Klassenverband themenbezogene Angebote unterbreitet und erlernt. Pr\u00e4ventiv\u201cunterricht\u201c findet im Einzel- und Gruppenangeboten oder Projekten statt z.B. zu Themen wie F\u00f6rderung von sozialen Kompetenzen, Mobbing, Demokratiebildung, Gewalt, Sicherheit im Netz, Alkohol, Drogen, Tabak, Ern\u00e4hrungsberatung u.v.m.. Alltagsbezogene Lebensvorbereitung, aber auch das Gespr\u00e4che zum Thema Pubert\u00e4t und Erwachsenwerden, sowie Freizeitgestaltung werden regelm\u00e4\u00dfig gef\u00fchrt.<\/p>\n<p>Ein weiterer wichtiger Bereich ist die Netzwerkarbeit, so ist die Schulsozialarbeit u.a. im Arbeitskreis SchuleWirtschaft und Arbeitskreis Schulsozialarbeit vertreten. Die aktive Teilnahme, sowie Mitwirkung an Konferenzen und Veranstaltungen der Schule sind Bindeglied zwischen Schulsozialarbeit und Schule und bieten Raum f\u00fcr den Austausch zwischen allen Beteiligten und wirkt zudem pr\u00e4ventiv.<\/p>\n<p>Der Stellenwert der Schulsozialarbeit ist nicht mehr nur soziale \u201eFeuerwehr\u201c, sondern fester Bestandteil des Schullebens.<\/p>\n<p>Frank Fiella<\/p>\n<p>Dipl. Soz.P\u00e4d.\/ Soz.Arb.<\/p>\n<p>Regionale Schule \u201eHermann Burmeister\u201c<\/p>\n<p>Schulsozialarbeit \u2013 B\u00fcro 024 oder Multifunktionsb\u00fcro 204.1<\/p>\n<p>Telefonischer Kontakt: 03831-252 987 oder 0151\/ 214 313 97<\/p>\n<p>E-Mail: <a href=\"mailto:frank.fiella@lebensraeume-verein.de\">frank.fiella@lebensraeume-verein.de<\/a><\/p>\n<p>Tr\u00e4ger: LebensR\u00e4ume e.V., Bahnhofstra\u00dfe 64, 18510 Zarrendorf<\/p>\n<p>\u00a0<\/p>\n","protected":false},"excerpt":{"rendered":"<p>\u00a0 \u00a0 \u00a0 \u00a0 \u00a0 \u00a0\u00a0 \u00a0 \u00a0 \u00a0 Schulsozialarbeit an der Regionalen Schule \u201eHermann Burmeister\u201c Die Schulsozialarbeit an der Regionalen Schule \u201eHermann Burmeister\u201c wird seit September 2016 durch den Tr\u00e4ger LebensR\u00e4ume e.V. mit dem Sitz in 18510 Zarrendorf gew\u00e4hrleistet und \u00fcber den Landkreis Vorpommern-R\u00fcgen, der Stadt Stralsund sowie aus dem Europ\u00e4ischen Sozialfond finanziert. Das [&hellip;]<\/p>\n","protected":false},"author":1,"featured_media":0,"parent":0,"menu_order":0,"comment_status":"closed","ping_status":"closed","template":"","meta":{"footnotes":""},"class_list":["post-470","page","type-page","status-publish","hentry"],"_links":{"self":[{"href":"http:\/\/hburmeister-stralsund.de\/wordpress\/wp-json\/wp\/v2\/pages\/470","targetHints":{"allow":["GET"]}}],"collection":[{"href":"http:\/\/hburmeister-stralsund.de\/wordpress\/wp-json\/wp\/v2\/pages"}],"about":[{"href":"http:\/\/hburmeister-stralsund.de\/wordpress\/wp-json\/wp\/v2\/types\/page"}],"author":[{"embeddable":true,"href":"http:\/\/hburmeister-stralsund.de\/wordpress\/wp-json\/wp\/v2\/users\/1"}],"replies":[{"embeddable":true,"href":"http:\/\/hburmeister-stralsund.de\/wordpress\/wp-json\/wp\/v2\/comments?post=470"}],"version-history":[{"count":20,"href":"http:\/\/hburmeister-stralsund.de\/wordpress\/wp-json\/wp\/v2\/pages\/470\/revisions"}],"predecessor-version":[{"id":7062,"href":"http:\/\/hburmeister-stralsund.de\/wordpress\/wp-json\/wp\/v2\/pages\/470\/revisions\/7062"}],"wp:attachment":[{"href":"http:\/\/hburmeister-stralsund.de\/wordpress\/wp-json\/wp\/v2\/media?parent=470"}],"curies":[{"name":"wp","href":"https:\/\/api.w.org\/{rel}","templated":true}]}}