{"id":2134,"date":"2019-05-12T13:13:59","date_gmt":"2019-05-12T11:13:59","guid":{"rendered":"http:\/\/hburmeister-stralsund.de\/wordpress\/?page_id=2134"},"modified":"2019-05-12T13:13:59","modified_gmt":"2019-05-12T11:13:59","slug":"zweiter-sponsorenlauf","status":"publish","type":"page","link":"http:\/\/hburmeister-stralsund.de\/wordpress\/zweiter-sponsorenlauf\/","title":{"rendered":"Zweiter Sponsorenlauf"},"content":{"rendered":"\n<p><strong>Unser zweiter Sponsorenlauf<\/strong><\/p>\n\n\n\n<p>Auch in diesem Schuljahr veranstaltete die Regionale Schule \u201eHermann \nBurmeister\u201c wieder einen Sponsorenlauf. Er fand am 3.7.2018 auf dem \nSportplatz des Paul- Greifzu- Stadions statt.<\/p>\n\n\n\n<p>Nach unserem Erfolg im letzten Jahr, der durch das Engagement aller \nSch\u00fcler, Lehrer, Organisatoren und Unterst\u00fctzer zustande kam und einen \ngro\u00dfen Betrag zugunsten des F\u00f6rdervereins unserer Schule erbrachte, \ngaben auch dieses Mal alle ihr Bestes. Jeder Teilnehmer bem\u00fchte sich \nw\u00e4hrend der 45 min\u00fctigen Laufzeit um m\u00f6glichst viele gelaufene oder \ngegangene Runden. Tapfer k\u00e4mpften die Sch\u00fcler, gaben alles und gingen \nf\u00fcr den guten Zweck an ihre Grenzen. Es galt wieder das Motto: Jeder in \nseinem Tempo. Selbst unsere Lehrer lie\u00dfen es sich nicht nehmen \nmitzulaufen und ihren Beitrag zu leisten. Nat\u00fcrlich waren alle nach der \nAnstrengung ersch\u00f6pft und geschafft, gingen aber stolz und mit dem guten\n Gef\u00fchl nach Hause, sich f\u00fcr ihre Schule eingesetzt zu haben.<\/p>\n\n\n\n<p>Zur Unterst\u00fctzung der L\u00e4ufer spielte flotte Musik, es gab k\u00fchles \nWasser, frisches Obst und gegrillte Bratwurst zur St\u00e4rkung. Daf\u00fcr \nm\u00f6chten wir uns ganz herzlich bei der REWA, Frau Sch\u00fctt und der Firma \nREWE und den flei\u00dfigen Grillern bedanken. Unser Dank gilt auch dem \nOrganisator, unserem Hausmeister und dem Hallenwart sowie den vielen \nEltern, Gro\u00dfeltern, Verwandten, Firmen und Kollegen, die als Sponsoren \nzum Gelingen dieser Veranstaltung beigetragen haben.<\/p>\n\n\n\n<p>Gruppe \u00d6ffentlichkeitsarbeit<\/p>\n\n\n\n<p>RS \u201eH.Burmeister\u201c<\/p>\n","protected":false},"excerpt":{"rendered":"<p>Unser zweiter Sponsorenlauf Auch in diesem Schuljahr veranstaltete die Regionale Schule \u201eHermann Burmeister\u201c wieder einen Sponsorenlauf. Er fand am 3.7.2018 auf dem Sportplatz des Paul- Greifzu- Stadions statt. Nach unserem Erfolg im letzten Jahr, der durch das Engagement aller Sch\u00fcler, Lehrer, Organisatoren und Unterst\u00fctzer zustande kam und einen gro\u00dfen Betrag zugunsten des F\u00f6rdervereins unserer Schule [&hellip;]<\/p>\n","protected":false},"author":1,"featured_media":0,"parent":0,"menu_order":0,"comment_status":"closed","ping_status":"closed","template":"","meta":{"footnotes":""},"class_list":["post-2134","page","type-page","status-publish","hentry"],"_links":{"self":[{"href":"http:\/\/hburmeister-stralsund.de\/wordpress\/wp-json\/wp\/v2\/pages\/2134","targetHints":{"allow":["GET"]}}],"collection":[{"href":"http:\/\/hburmeister-stralsund.de\/wordpress\/wp-json\/wp\/v2\/pages"}],"about":[{"href":"http:\/\/hburmeister-stralsund.de\/wordpress\/wp-json\/wp\/v2\/types\/page"}],"author":[{"embeddable":true,"href":"http:\/\/hburmeister-stralsund.de\/wordpress\/wp-json\/wp\/v2\/users\/1"}],"replies":[{"embeddable":true,"href":"http:\/\/hburmeister-stralsund.de\/wordpress\/wp-json\/wp\/v2\/comments?post=2134"}],"version-history":[{"count":2,"href":"http:\/\/hburmeister-stralsund.de\/wordpress\/wp-json\/wp\/v2\/pages\/2134\/revisions"}],"predecessor-version":[{"id":2136,"href":"http:\/\/hburmeister-stralsund.de\/wordpress\/wp-json\/wp\/v2\/pages\/2134\/revisions\/2136"}],"wp:attachment":[{"href":"http:\/\/hburmeister-stralsund.de\/wordpress\/wp-json\/wp\/v2\/media?parent=2134"}],"curies":[{"name":"wp","href":"https:\/\/api.w.org\/{rel}","templated":true}]}}