{"id":2034,"date":"2019-03-13T20:29:23","date_gmt":"2019-03-13T19:29:23","guid":{"rendered":"http:\/\/hburmeister-stralsund.de\/wordpress\/?page_id=2034"},"modified":"2023-12-13T11:17:18","modified_gmt":"2023-12-13T10:17:18","slug":"datenschutz","status":"publish","type":"page","link":"http:\/\/hburmeister-stralsund.de\/wordpress\/datenschutz\/","title":{"rendered":"Datenschutz"},"content":{"rendered":"\n<p><strong>Datenschutzerkl\u00e4rung<\/strong><\/p>\n\n\n\n<p>Die Regionale Schule &#8222;Hermann Burmeister&#8220; verarbeitet bei Aufruf und Nutzung dieser Website personenbezogene Daten im Sinne des Art. 4 Nr. 1 Datenschutz-Grundverordnung (DS-GVO). Betroffene Personen haben das Recht, nach Art. 13 DS-GVO informiert zu werden. Dem kommen wir im Folgenden nach.<\/p>\n\n\n\n<p><strong>I. Name und Anschrift\ndes Verantwortlichen<\/strong><\/p>\n\n\n\n<p>Verantwortlicher\nim Sinne des Art. 4 Nr. 7 DS-GVO ist:<\/p>\n\n\n\n<p>Regionale Schule &#8222;Hermann Burmeister&#8220;<br>Schulleiter Andreas G\u00f6tze<\/p>\n\n\n\n<p>Jaromarstra\u00dfe 10<br>18437 Stralsund<br>Telefon: 03831 252981<br>E-Mail:  <a>burmeister-schule@stralsund.de<\/a> <\/p>\n\n\n\n<p><strong>II. Kontaktdaten der\noder des Datenschutzbeauftragten<\/strong><\/p>\n\n\n\n<p>Herr Hensel<\/p>\n\n\n\n<p>Tel.:  03831 252981<br> E-Mail:<\/p>\n\n\n\n<p><strong>III. Zwecke der\nVerarbeitung<\/strong><\/p>\n\n\n\n<p>Das\nAngebot dieser Website dient dem Nutzer dazu, sich \u00fcber die angebotenen Inhalte\nzu informieren und Kontaktm\u00f6glichkeiten mit dem Verantwortlichen zu erhalten. Die\nbei der informatorischen Nutzung unserer Website erhobenen Daten werden\ntechnisch ben\u00f6tigt, um unsere Website auf Ihrem Endger\u00e4t anzuzeigen und um die\nSystemsicherheit zu gew\u00e4hrleisten.<\/p>\n\n\n\n\n\n<p><strong>IV. Kategorien\npersonenbezogener Daten, die verarbeitet werden<\/strong><\/p>\n\n\n\n<p>Bei\nder informatorischen Nutzung unserer Website erheben wir nur die\npersonenbezogenen Daten, die Ihr Browser an den Server unserer Website\n\u00fcbermittelt:<\/p>\n\n\n\n<ul class=\"wp-block-list\">\n<li>IP-Adresse des anfragenden Rechners<\/li>\n\n\n\n<li>Datum und Uhrzeit des Zugriffs<\/li>\n\n\n\n<li>Name und URL der abgerufenen Datei<\/li>\n\n\n\n<li>URL oder Provider von der \/ von dem aus die\nDatei angefordert wurde<\/li>\n\n\n\n<li>Verwendeter Browser einschlie\u00dflich Daten zu\nden verwendeten Einstellungen der Oberfl\u00e4chendarstellung (Schriftgr\u00f6\u00dfe,\nSchriftart, verwendete Farben etc.) sowie das Betriebssystem Ihres Rechners<\/li>\n\n\n\n<li>Zugriffsstatus des Web-Servers (Datei\n\u00fcbertragen, Datei nicht gefunden, Kommando nicht ausgef\u00fchrt, etc.)<\/li>\n<\/ul>\n\n\n\n<p><strong>Hinweis<\/strong>:\nDieser Datenrahmen (Nummer IV.) muss individuell an die tats\u00e4chlich von Ihrem\nSystem automatisch erfassten Daten angepasst werden!<\/p>\n\n\n\n<p>Dar\u00fcber\nhinaus werden bei der informatorischen Nutzung unserer Website so genannte\ntransiente Cookies auf Ihrem Rechner gespeichert. Cookies sind kleine\nTextdateien, die auf Ihrem Endger\u00e4t dem von Ihnen verwendeten Browser\nzugeordnet gespeichert werden und durch die uns bestimmte Informationen\nzuflie\u00dfen. Cookies k\u00f6nnen keine Programme ausf\u00fchren oder Viren auf Ihren\nComputer \u00fcbertragen. Sie dienen dazu, unser Internetangebot insgesamt\nbenutzerfreundlicher und effektiver zu machen.<\/p>\n\n\n\n<p>Transiente\nCookies werden automatisiert gel\u00f6scht, wenn Sie den Browser schlie\u00dfen. Dazu\nz\u00e4hlen insbesondere die von uns ausschlie\u00dflich verwendeten Session Cookies.\nDiese Speichern eine so genannte Session-ID, mit welcher sich verschiedene\nAnfragen Ihres Browsers der gemeinsamen Sitzung zuordnen lassen. Dadurch kann\nIhr Rechner innerhalb einer Sitzung wiedererkannt werden, wenn Sie auf unsere\nWebsite zur\u00fcckkehren. Die Session-Cookies werden automatisch gel\u00f6scht, wenn Sie\nden Browser schlie\u00dfen.<\/p>\n\n\n\n<p>Sie\nk\u00f6nnen Ihre Browser-Einstellung entsprechend Ihren W\u00fcnschen konfigurieren und\ndie Annahme von Cookies ablehnen. Wir weisen Sie darauf hin, dass Sie dann\neventuell nicht alle Funktionen dieser Website nutzen k\u00f6nnen.<\/p>\n\n\n\n<p><strong>V. Rechtsgrundlage\nf\u00fcr die Verarbeitung<\/strong><\/p>\n\n\n\n<p>Die\nRechtsgrundlage f\u00fcr die Verarbeitung personenbezogener Daten zur&nbsp; Bereitstellung dieser Webseite ist Art. 6\nAbs.1e)DSGVO i. V. m. \u00a7&nbsp;4&nbsp;Abs.&nbsp;1&nbsp;S.&nbsp;1&nbsp;DSG&nbsp;M-V.<\/p>\n\n\n\n<p><strong>VI. Empf\u00e4nger oder\nKategorien von Empf\u00e4ngern<\/strong><\/p>\n\n\n\n<p>Die technische Infrastruktur f\u00fcr die Verarbeitung personenbezogener Daten stellt uns wordpress zur Verf\u00fcgung. Dabei greift dieser auf technische Dienstleistungen von Unterauftragnehmern zur\u00fcck.<\/p>\n\n\n\n<p><strong>VII. Speicherdauer<\/strong><\/p>\n\n\n\n<p>Die bei der informatorischen Nutzung unserer Website erhobenen personenbezogenen Daten werden nach einem Tag gel\u00f6scht.<\/p>\n\n\n\n<p><strong>VIII.\nBetroffenenrechte<\/strong><\/p>\n\n\n\n<p>Sie\nhaben uns gegen\u00fcber das Recht,<\/p>\n\n\n\n<ul class=\"wp-block-list\">\n<li>gem\u00e4\u00df Art. 15 DS-GVO Auskunft \u00fcber Ihre von\nuns verarbeiteten personenbezogenen Daten zu verlangen,<\/li>\n\n\n\n<li>gem\u00e4\u00df Art. 16 DS-GVO die Berichtigung Sie\nbetreffender unrichtiger personenbezogener Daten zu verlangen,<\/li>\n\n\n\n<li>gem\u00e4\u00df Art. 17 DS-GVO die L\u00f6schung Ihrer bei\nuns gespeicherten personenbezogenen Daten zu verlangen, insbesondere, wenn sie\nf\u00fcr die Zwecke, f\u00fcr die sie erhoben wurden, nicht mehr notwendig sind und<\/li>\n\n\n\n<li>gem\u00e4\u00df Art. 18 DS-GVO die Einschr\u00e4nkung der\nVerarbeitung Sie betreffender personenbezogener Daten zu verlangen, etwa wenn Sie\ndie Richtigkeit Sie betreffender personenbezogener Daten bestreiten und wir\ndies \u00fcberpr\u00fcfen m\u00fcssen.<\/li>\n<\/ul>\n\n\n\n<p>Dar\u00fcber\nhinaus haben Sie gem\u00e4\u00df Art. 21 DS-GVO uns gegen\u00fcber das Recht, aus Gr\u00fcnden, die\nsich aus Ihrer besonderen Situation ergeben, jederzeit <strong>Widerspruch<\/strong> gegen die\nVerarbeitung Sie betreffender personenbezogener Daten einzulegen.<\/p>\n\n\n\n<p><strong>IX. Beschwerde bei\nder Aufsichtsbeh\u00f6rde<\/strong><\/p>\n\n\n\n<p>Wenn\nSie Beschwerden gegen die Verarbeitung von personenbezogenen Daten auf dieser\nWebseite haben, k\u00f6nnen Sie diese an die folgende f\u00fcr den Verantwortlichen\nzust\u00e4ndige Aufsichtsbeh\u00f6rde richten:<\/p>\n\n\n\n<p>Der Landesbeauftragte f\u00fcr\nDatenschutz und Informationsfreiheit Mecklenburg-Vorpommern<\/p>\n\n\n\n<p>Werderstra\u00dfe 74a<\/p>\n\n\n\n<p>19055 Schwerin<\/p>\n\n\n\n<p><strong>X. Stand der Bearbeitung<\/strong> Die Hinweise gem\u00e4\u00df Art. 13 DS-GVO wurden zuletzt angepasst am 13.03.2019<\/p>\n","protected":false},"excerpt":{"rendered":"<p>Datenschutzerkl\u00e4rung Die Regionale Schule &#8222;Hermann Burmeister&#8220; verarbeitet bei Aufruf und Nutzung dieser Website personenbezogene Daten im Sinne des Art. 4 Nr. 1 Datenschutz-Grundverordnung (DS-GVO). Betroffene Personen haben das Recht, nach Art. 13 DS-GVO informiert zu werden. Dem kommen wir im Folgenden nach. I. Name und Anschrift des Verantwortlichen Verantwortlicher im Sinne des Art. 4 Nr. [&hellip;]<\/p>\n","protected":false},"author":1,"featured_media":0,"parent":0,"menu_order":0,"comment_status":"closed","ping_status":"closed","template":"","meta":{"footnotes":""},"class_list":["post-2034","page","type-page","status-publish","hentry"],"_links":{"self":[{"href":"http:\/\/hburmeister-stralsund.de\/wordpress\/wp-json\/wp\/v2\/pages\/2034","targetHints":{"allow":["GET"]}}],"collection":[{"href":"http:\/\/hburmeister-stralsund.de\/wordpress\/wp-json\/wp\/v2\/pages"}],"about":[{"href":"http:\/\/hburmeister-stralsund.de\/wordpress\/wp-json\/wp\/v2\/types\/page"}],"author":[{"embeddable":true,"href":"http:\/\/hburmeister-stralsund.de\/wordpress\/wp-json\/wp\/v2\/users\/1"}],"replies":[{"embeddable":true,"href":"http:\/\/hburmeister-stralsund.de\/wordpress\/wp-json\/wp\/v2\/comments?post=2034"}],"version-history":[{"count":7,"href":"http:\/\/hburmeister-stralsund.de\/wordpress\/wp-json\/wp\/v2\/pages\/2034\/revisions"}],"predecessor-version":[{"id":7032,"href":"http:\/\/hburmeister-stralsund.de\/wordpress\/wp-json\/wp\/v2\/pages\/2034\/revisions\/7032"}],"wp:attachment":[{"href":"http:\/\/hburmeister-stralsund.de\/wordpress\/wp-json\/wp\/v2\/media?parent=2034"}],"curies":[{"name":"wp","href":"https:\/\/api.w.org\/{rel}","templated":true}]}}