{"id":1742,"date":"2018-07-16T11:29:30","date_gmt":"2018-07-16T09:29:30","guid":{"rendered":"http:\/\/hburmeister-stralsund.de\/wordpress\/?page_id=1742"},"modified":"2025-10-15T08:21:41","modified_gmt":"2025-10-15T06:21:41","slug":"sponsorenlauf-2","status":"publish","type":"page","link":"http:\/\/hburmeister-stralsund.de\/wordpress\/sponsorenlauf-2\/","title":{"rendered":"Spendenlauf"},"content":{"rendered":"<p><a href=\"http:\/\/hburmeister-stralsund.de\/wordpress\/wp-content\/uploads\/2025\/07\/image-1.png\"><img loading=\"lazy\" decoding=\"async\" class=\"size-medium wp-image-7128 alignright\" src=\"http:\/\/hburmeister-stralsund.de\/wordpress\/wp-content\/uploads\/2025\/07\/image-1-300x300.png\" alt=\"\" width=\"300\" height=\"300\" srcset=\"http:\/\/hburmeister-stralsund.de\/wordpress\/wp-content\/uploads\/2025\/07\/image-1-300x300.png 300w, http:\/\/hburmeister-stralsund.de\/wordpress\/wp-content\/uploads\/2025\/07\/image-1-150x150.png 150w, http:\/\/hburmeister-stralsund.de\/wordpress\/wp-content\/uploads\/2025\/07\/image-1-768x768.png 768w, http:\/\/hburmeister-stralsund.de\/wordpress\/wp-content\/uploads\/2025\/07\/image-1-508x508.png 508w, http:\/\/hburmeister-stralsund.de\/wordpress\/wp-content\/uploads\/2025\/07\/image-1.png 1024w\" sizes=\"auto, (max-width: 300px) 100vw, 300px\" \/><\/a>In diesem Jahr hat unsere Schule erneut eine bedeutende Tradition fortgef\u00fchrt: den allj\u00e4hrlichen Spendenlauf. Dieses Event bringt nicht nur die Schulgemeinschaft zusammen, sondern dient auch einem wichtigen Zweck: der Unterst\u00fctzung zahlreicher Projekte, Fahrten und Wettbewerbe, die unseren Sch\u00fclern zugutekommen.<\/p>\n<p>Mit den gesammelten Spenden unterst\u00fctzt der F\u00f6rderverein zahlreiche Projekte, Exkursionen und Wettbewerbe.<\/p>\n<p>Alle Sch\u00fcler sowie sportbegeisterte Lehrer waren eingeladen, ihr Bestes zu geben und so viele Runden wie m\u00f6glich zu laufen. Und sie liefen! Das Motto lautete: Jeder in seinem eigenen Tempo. Alle waren sehr motiviert, es floss viel Schwei\u00df und viele hatten am n\u00e4chsten Tag sicherlich einen kr\u00e4ftigen Muskelkater. Zur St\u00e4rkung gab es Bratw\u00fcrste, und allen Teilnehmern wurde kostenlos Wasser angeboten. Ein herzlicher Dank geht an Herrn Fiella., die I-Helferinnen, den Hausmeister und die REWA, die erneut einen Wasserstand bereitstellte.<\/p>\n<p>Ein gro\u00dfes Dankesch\u00f6n auch an die Fachschaft Sport, die den Spendenlauf organisiert hat. Durch den bemerkenswerten Einsatz aller L\u00e4ufer wurde eine gute Summe f\u00fcr unseren F\u00f6rderverein gesammelt.<\/p>\n<p>Ein herzliches Dankesch\u00f6n gilt auch allen Spendern. Ohne Ihre Unterst\u00fctzung w\u00e4re dieses Ergebnis nicht m\u00f6glich gewesen!<\/p>\n","protected":false},"excerpt":{"rendered":"<p>In diesem Jahr hat unsere Schule erneut eine bedeutende Tradition fortgef\u00fchrt: den allj\u00e4hrlichen Spendenlauf. Dieses Event bringt nicht nur die Schulgemeinschaft zusammen, sondern dient auch einem wichtigen Zweck: der Unterst\u00fctzung zahlreicher Projekte, Fahrten und Wettbewerbe, die unseren Sch\u00fclern zugutekommen. Mit den gesammelten Spenden unterst\u00fctzt der F\u00f6rderverein zahlreiche Projekte, Exkursionen und Wettbewerbe. Alle Sch\u00fcler sowie sportbegeisterte [&hellip;]<\/p>\n","protected":false},"author":1,"featured_media":0,"parent":0,"menu_order":0,"comment_status":"closed","ping_status":"closed","template":"","meta":{"footnotes":""},"class_list":["post-1742","page","type-page","status-publish","hentry"],"_links":{"self":[{"href":"http:\/\/hburmeister-stralsund.de\/wordpress\/wp-json\/wp\/v2\/pages\/1742","targetHints":{"allow":["GET"]}}],"collection":[{"href":"http:\/\/hburmeister-stralsund.de\/wordpress\/wp-json\/wp\/v2\/pages"}],"about":[{"href":"http:\/\/hburmeister-stralsund.de\/wordpress\/wp-json\/wp\/v2\/types\/page"}],"author":[{"embeddable":true,"href":"http:\/\/hburmeister-stralsund.de\/wordpress\/wp-json\/wp\/v2\/users\/1"}],"replies":[{"embeddable":true,"href":"http:\/\/hburmeister-stralsund.de\/wordpress\/wp-json\/wp\/v2\/comments?post=1742"}],"version-history":[{"count":10,"href":"http:\/\/hburmeister-stralsund.de\/wordpress\/wp-json\/wp\/v2\/pages\/1742\/revisions"}],"predecessor-version":[{"id":7160,"href":"http:\/\/hburmeister-stralsund.de\/wordpress\/wp-json\/wp\/v2\/pages\/1742\/revisions\/7160"}],"wp:attachment":[{"href":"http:\/\/hburmeister-stralsund.de\/wordpress\/wp-json\/wp\/v2\/media?parent=1742"}],"curies":[{"name":"wp","href":"https:\/\/api.w.org\/{rel}","templated":true}]}}